{"id":2554,"date":"2023-01-23T12:32:15","date_gmt":"2023-01-23T11:32:15","guid":{"rendered":"http:\/\/www.pauapeau.fr\/?page_id=2554"},"modified":"2023-01-23T12:33:29","modified_gmt":"2023-01-23T11:33:29","slug":"bienfait-du-massage-et-de-la-therapie-psychocorporelle","status":"publish","type":"page","link":"https:\/\/www.pauapeau.fr\/index.php\/bienfait-du-massage-et-de-la-therapie-psychocorporelle\/","title":{"rendered":"Bienfaits du massage et de la th\u00e9rapie psychocorporelle"},"content":{"rendered":"<p>\u2022 Diminution du stress par action sur le syst\u00e8me nerveux<br \/>\n\u2022 Drainage lymphatique<br \/>\n\u2022 Stimulation de la circulation sanguine et du syst\u00e8me immunitaire<br \/>\n\u2022 D\u00e9tente musculaire<br \/>\n\u2022 L\u00e2cher prise<br \/>\n\u2022 Meilleure tol\u00e9rance \u00e0 la douleur par s\u00e9cr\u00e9tion d&rsquo;hormones<br \/>\n\u2022 Aide \u00e0 l&rsquo;expression de ses \u00e9motions refoul\u00e9es afin de les accueillir et les \u00e9couter<br \/>\n\u2022 Gestion des \u00e9motions<br \/>\n\u2022 Aide au travail psychoth\u00e9rapeutique sur les souffrances psychiques, dont le corps est<br \/>\ndevenu l\u2019expression<br \/>\n\u2022 Mieux \u00eatre et mieux se conna\u00eetre<br \/>\n\u2022 Se r\u00e9approprier son corps et le valoriser<br \/>\n\u2022 Maintenir les rep\u00e8res du sch\u00e9ma corporel<br \/>\n\u2022 Aide au dialogue et \u00e0 la communication<br \/>\n\u2022 Renoue le lien psych\u00e9-soma<\/p>\n<p><img decoding=\"async\" class=\"lazyload aligncenter size-large wp-image-2555\" src=\"https:\/\/www.pauapeau.fr\/wp-content\/uploads\/2023\/01\/Bienfaits_du_Massage-1024x580.jpg\" data-orig-src=\"https:\/\/www.pauapeau.fr\/wp-content\/uploads\/2023\/01\/Bienfaits_du_Massage-1024x580.jpg\" alt=\"Bienfaits du Massage\" width=\"1024\" height=\"580\" srcset=\"data:image\/svg+xml,%3Csvg%20xmlns%3D%27http%3A%2F%2Fwww.w3.org%2F2000%2Fsvg%27%20width%3D%271024%27%20height%3D%27580%27%20viewBox%3D%270%200%201024%20580%27%3E%3Crect%20width%3D%271024%27%20height%3D%27580%27%20fill-opacity%3D%220%22%2F%3E%3C%2Fsvg%3E\" data-srcset=\"https:\/\/www.pauapeau.fr\/wp-content\/uploads\/2023\/01\/Bienfaits_du_Massage-200x113.jpg 200w, https:\/\/www.pauapeau.fr\/wp-content\/uploads\/2023\/01\/Bienfaits_du_Massage-300x170.jpg 300w, https:\/\/www.pauapeau.fr\/wp-content\/uploads\/2023\/01\/Bienfaits_du_Massage-400x227.jpg 400w, https:\/\/www.pauapeau.fr\/wp-content\/uploads\/2023\/01\/Bienfaits_du_Massage-600x340.jpg 600w, https:\/\/www.pauapeau.fr\/wp-content\/uploads\/2023\/01\/Bienfaits_du_Massage-768x435.jpg 768w, https:\/\/www.pauapeau.fr\/wp-content\/uploads\/2023\/01\/Bienfaits_du_Massage-800x453.jpg 800w, https:\/\/www.pauapeau.fr\/wp-content\/uploads\/2023\/01\/Bienfaits_du_Massage-1024x580.jpg 1024w, https:\/\/www.pauapeau.fr\/wp-content\/uploads\/2023\/01\/Bienfaits_du_Massage-1200x680.jpg 1200w, https:\/\/www.pauapeau.fr\/wp-content\/uploads\/2023\/01\/Bienfaits_du_Massage.jpg 1205w\" data-sizes=\"auto\" data-orig-sizes=\"(max-width: 1024px) 100vw, 1024px\" \/><\/p>\n","protected":false},"excerpt":{"rendered":"<p>\u2022 Diminution du stress par action sur le syst\u00e8me nerveux [&hellip;]<\/p>\n","protected":false},"author":1,"featured_media":0,"parent":0,"menu_order":0,"comment_status":"closed","ping_status":"closed","template":"","meta":{"om_disable_all_campaigns":false,"footnotes":""},"class_list":["post-2554","page","type-page","status-publish","hentry"],"_links":{"self":[{"href":"https:\/\/www.pauapeau.fr\/index.php\/wp-json\/wp\/v2\/pages\/2554","targetHints":{"allow":["GET"]}}],"collection":[{"href":"https:\/\/www.pauapeau.fr\/index.php\/wp-json\/wp\/v2\/pages"}],"about":[{"href":"https:\/\/www.pauapeau.fr\/index.php\/wp-json\/wp\/v2\/types\/page"}],"author":[{"embeddable":true,"href":"https:\/\/www.pauapeau.fr\/index.php\/wp-json\/wp\/v2\/users\/1"}],"replies":[{"embeddable":true,"href":"https:\/\/www.pauapeau.fr\/index.php\/wp-json\/wp\/v2\/comments?post=2554"}],"version-history":[{"count":2,"href":"https:\/\/www.pauapeau.fr\/index.php\/wp-json\/wp\/v2\/pages\/2554\/revisions"}],"predecessor-version":[{"id":2558,"href":"https:\/\/www.pauapeau.fr\/index.php\/wp-json\/wp\/v2\/pages\/2554\/revisions\/2558"}],"wp:attachment":[{"href":"https:\/\/www.pauapeau.fr\/index.php\/wp-json\/wp\/v2\/media?parent=2554"}],"curies":[{"name":"wp","href":"https:\/\/api.w.org\/{rel}","templated":true}]}}